{"id":27,"date":"2019-11-12T19:49:23","date_gmt":"2019-11-12T18:49:23","guid":{"rendered":"https:\/\/snack.myad.sk\/?page_id=27"},"modified":"2021-06-11T09:59:16","modified_gmt":"2021-06-11T07:59:16","slug":"nas-pribeh","status":"publish","type":"page","link":"https:\/\/snack.myad.sk\/en\/our-story\/","title":{"rendered":"Our story"},"content":{"rendered":"<p>EN Moje meno je Stefan Pet\u00f6 a som zakladate\u013e zna\u010dky Nordic Foodie. Narodil som sa na Slovensku a emigroval do D\u00e1nska v roku 1980 spolu s man\u017eelkou a vtedy 18 mesa\u010dnou dc\u00e9rou Petrou. V D\u00e1nsku som vy\u0161tudoval vysok\u00fa \u0161kolu ekonomick\u00fa a za\u010dal pracova\u0165 v potravin\u00e1rskom priemysle.<\/p>\n<p>V Nordic Foodie chcem zjednoti\u0165 \u0161kandin\u00e1vsku \u010distotu a vysok\u00fa kvalitu s gurm\u00e1nskou l\u00e1skou k dobr\u00e9mu jedlu a dobrej chuti do zdrav\u00fdch produktov<\/p>\n<p>My\u0161lienka na Nordic Foodie vznikla ke\u010f sa narodila moja vnu\u010dka a nieko\u013eko mojich bl\u00edzkych priate\u013eov malo deti. Videli sme ako n\u00e1ro\u010dn\u00e9 bolo pre nich n\u00e1js\u0165 dobr\u00fd snack pre deti, aby boli spokojn\u00e9 aj deti aj rodi\u010dia. Preto sme si sadli a vytvorili \u010dist\u00fd a jednoduch\u00fd pokrm pre deti, ktor\u00fd je zdrav\u00fd a chut\u00ed dobre. Dc\u00e9ra Petra sa akt\u00edvne podie\u013eala na v\u00fdvoji v\u00fdrobkov a\u00a0preto sa l\u00ednia v\u00fdrobkov vol\u00e1 \u201ePetra&amp;Friends\u201c Cestovala som po Eur\u00f3pe a p\u00fdtala som sa mami\u010diek v\u0161ade, \u010do h\u013eadaj\u00fa v dobrom snacku a \u010do chc\u00fa v dobrom pokrme. Odvtedy spolupracujeme s de\u0165mi z mnoh\u00fdch kraj\u00edn, preto aby boli recepty perfektn\u00e9 a aby vyhovovali detsk\u00fdm ch\u00fa\u0165kam.<\/p>\n<p>Str\u00e1vili som nieko\u013eko rokov vytv\u00e1ran\u00edm receptov, ktor\u00e9 sp\u013a\u0148aj\u00fa moje \u00fasilie dod\u00e1va\u0165 produkty, ktor\u00e9 s\u00fa zdrav\u00e9, chutn\u00e9 a tej najvy\u0161\u0161ej kvality.<\/p>\n<p>V\u0161etko toto znamen\u00e1, \u017ee produkty Petra&amp;Friends s\u00fa jedine\u010dnou kombin\u00e1ciou na\u0161ich ide\u00e1lov, \u017eelan\u00ed matiek a chu\u0165ou, ktor\u00fa deti miluj\u00fa.<\/p>\n<h3>Vychutnajte si to!<\/h3>\n<p>S pozdravom<br \/>\nStefan Pet\u00f6<\/p>","protected":false},"excerpt":{"rendered":"<p>EN Moje meno je Stefan Pet\u00f6 a som zakladate\u013e zna\u010dky Nordic Foodie. Narodil som sa na Slovensku a emigroval do D\u00e1nska v roku 1980 spolu s man\u017eelkou a vtedy 18 mesa\u010dnou dc\u00e9rou Petrou. V D\u00e1nsku som vy\u0161tudoval vysok\u00fa \u0161kolu ekonomick\u00fa a za\u010dal pracova\u0165 v potravin\u00e1rskom priemysle. V Nordic Foodie chcem zjednoti\u0165 \u0161kandin\u00e1vsku \u010distotu a vysok\u00fa [&hellip;]<\/p>\n","protected":false},"author":1,"featured_media":61,"parent":0,"menu_order":0,"comment_status":"closed","ping_status":"closed","template":"nas-pribeh-template.php","meta":[],"yoast_head":"<!-- This site is optimized with the Yoast SEO plugin v16.3 - https:\/\/yoast.com\/wordpress\/plugins\/seo\/ -->\n<meta name=\"robots\" content=\"noindex, follow, max-snippet:-1, max-image-preview:large, max-video-preview:-1\" \/>\n<meta property=\"og:locale\" content=\"en_US\" \/>\n<meta property=\"og:type\" content=\"article\" \/>\n<meta property=\"og:title\" content=\"Our story - Snack\" \/>\n<meta property=\"og:description\" content=\"EN Moje meno je Stefan Pet\u00f6 a som zakladate\u013e zna\u010dky Nordic Foodie. Narodil som sa na Slovensku a emigroval do D\u00e1nska v roku 1980 spolu s man\u017eelkou a vtedy 18 mesa\u010dnou dc\u00e9rou Petrou. V D\u00e1nsku som vy\u0161tudoval vysok\u00fa \u0161kolu ekonomick\u00fa a za\u010dal pracova\u0165 v potravin\u00e1rskom priemysle. V Nordic Foodie chcem zjednoti\u0165 \u0161kandin\u00e1vsku \u010distotu a vysok\u00fa [&hellip;]\" \/>\n<meta property=\"og:url\" content=\"https:\/\/snack.myad.sk\/nas-pribeh\/\" \/>\n<meta property=\"og:site_name\" content=\"Snack\" \/>\n<meta property=\"article:modified_time\" content=\"2021-06-11T07:59:16+00:00\" \/>\n<meta property=\"og:image\" content=\"https:\/\/snack.myad.sk\/wp-content\/uploads\/2019\/11\/nas-pribeh-1.jpg\" \/>\n\t<meta property=\"og:image:width\" content=\"673\" \/>\n\t<meta property=\"og:image:height\" content=\"901\" \/>\n<meta name=\"twitter:card\" content=\"summary_large_image\" \/>\n<meta name=\"twitter:label1\" content=\"Est. reading time\">\n\t<meta name=\"twitter:data1\" content=\"2 minutes\">\n<script type=\"application\/ld+json\" class=\"yoast-schema-graph\">{\"@context\":\"https:\/\/schema.org\",\"@graph\":[{\"@type\":\"WebSite\",\"@id\":\"https:\/\/snack.myad.sk\/#website\",\"url\":\"https:\/\/snack.myad.sk\/\",\"name\":\"Snack\",\"description\":\"Len \\u010fal\\u0161ia WordPress str\\u00e1nka\",\"potentialAction\":[{\"@type\":\"SearchAction\",\"target\":\"https:\/\/snack.myad.sk\/?s={search_term_string}\",\"query-input\":\"required name=search_term_string\"}],\"inLanguage\":\"en-US\"},{\"@type\":\"ImageObject\",\"@id\":\"https:\/\/snack.myad.sk\/nas-pribeh\/#primaryimage\",\"inLanguage\":\"en-US\",\"url\":\"https:\/\/snack.myad.sk\/wp-content\/uploads\/2019\/11\/nas-pribeh-1.jpg\",\"contentUrl\":\"https:\/\/snack.myad.sk\/wp-content\/uploads\/2019\/11\/nas-pribeh-1.jpg\",\"width\":673,\"height\":901},{\"@type\":\"WebPage\",\"@id\":\"https:\/\/snack.myad.sk\/nas-pribeh\/#webpage\",\"url\":\"https:\/\/snack.myad.sk\/nas-pribeh\/\",\"name\":\"Our story - Snack\",\"isPartOf\":{\"@id\":\"https:\/\/snack.myad.sk\/#website\"},\"primaryImageOfPage\":{\"@id\":\"https:\/\/snack.myad.sk\/nas-pribeh\/#primaryimage\"},\"datePublished\":\"2019-11-12T18:49:23+00:00\",\"dateModified\":\"2021-06-11T07:59:16+00:00\",\"breadcrumb\":{\"@id\":\"https:\/\/snack.myad.sk\/nas-pribeh\/#breadcrumb\"},\"inLanguage\":\"en-US\",\"potentialAction\":[{\"@type\":\"ReadAction\",\"target\":[\"https:\/\/snack.myad.sk\/nas-pribeh\/\"]}]},{\"@type\":\"BreadcrumbList\",\"@id\":\"https:\/\/snack.myad.sk\/nas-pribeh\/#breadcrumb\",\"itemListElement\":[{\"@type\":\"ListItem\",\"position\":1,\"item\":{\"@type\":\"WebPage\",\"@id\":\"https:\/\/snack.myad.sk\/\",\"url\":\"https:\/\/snack.myad.sk\/\",\"name\":\"Home\"}},{\"@type\":\"ListItem\",\"position\":2,\"item\":{\"@id\":\"https:\/\/snack.myad.sk\/nas-pribeh\/#webpage\"}}]}]}<\/script>\n<!-- \/ Yoast SEO plugin. -->","_links":{"self":[{"href":"https:\/\/snack.myad.sk\/en\/wp-json\/wp\/v2\/pages\/27"}],"collection":[{"href":"https:\/\/snack.myad.sk\/en\/wp-json\/wp\/v2\/pages"}],"about":[{"href":"https:\/\/snack.myad.sk\/en\/wp-json\/wp\/v2\/types\/page"}],"author":[{"embeddable":true,"href":"https:\/\/snack.myad.sk\/en\/wp-json\/wp\/v2\/users\/1"}],"replies":[{"embeddable":true,"href":"https:\/\/snack.myad.sk\/en\/wp-json\/wp\/v2\/comments?post=27"}],"version-history":[{"count":6,"href":"https:\/\/snack.myad.sk\/en\/wp-json\/wp\/v2\/pages\/27\/revisions"}],"predecessor-version":[{"id":207,"href":"https:\/\/snack.myad.sk\/en\/wp-json\/wp\/v2\/pages\/27\/revisions\/207"}],"wp:featuredmedia":[{"embeddable":true,"href":"https:\/\/snack.myad.sk\/en\/wp-json\/wp\/v2\/media\/61"}],"wp:attachment":[{"href":"https:\/\/snack.myad.sk\/en\/wp-json\/wp\/v2\/media?parent=27"}],"curies":[{"name":"wp","href":"https:\/\/api.w.org\/{rel}","templated":true}]}}