{"id":33,"date":"2019-11-12T19:54:31","date_gmt":"2019-11-12T18:54:31","guid":{"rendered":"https:\/\/snack.myad.sk\/?page_id=33"},"modified":"2021-06-08T16:55:47","modified_gmt":"2021-06-08T14:55:47","slug":"najdi-obchod","status":"publish","type":"page","link":"https:\/\/snack.myad.sk\/en\/find-a-store\/","title":{"rendered":"N\u00e1jdi obchod"},"content":{"rendered":"<p><\/p>\n<p style=\"text-align: center;\">Na\u0161e produkty si m\u00f4\u017eete zak\u00fapi\u0165 v predajniach<\/p>\n<p style=\"text-align: center;\"><img loading=\"lazy\" class=\"alignnone wp-image-182 size-full\" src=\"https:\/\/snack.myad.sk\/wp-content\/uploads\/2021\/06\/loga.png\" alt=\"\" width=\"600\" height=\"107\" srcset=\"https:\/\/snack.myad.sk\/wp-content\/uploads\/2021\/06\/loga.png 600w, https:\/\/snack.myad.sk\/wp-content\/uploads\/2021\/06\/loga-300x54.png 300w\" sizes=\"(max-width: 600px) 100vw, 600px\" \/><\/p>\n<p style=\"text-align: center;\">po celom Slovensku<\/p>\n<p><\/p>","protected":false},"excerpt":{"rendered":"<p>Na\u0161e produkty si m\u00f4\u017eete zak\u00fapi\u0165 v predajniach po celom Slovensku<\/p>\n","protected":false},"author":1,"featured_media":0,"parent":0,"menu_order":0,"comment_status":"closed","ping_status":"closed","template":"najdi-obchod-template.php","meta":[],"yoast_head":"<!-- This site is optimized with the Yoast SEO plugin v16.3 - https:\/\/yoast.com\/wordpress\/plugins\/seo\/ -->\n<meta name=\"robots\" content=\"noindex, follow, max-snippet:-1, max-image-preview:large, max-video-preview:-1\" \/>\n<meta property=\"og:locale\" content=\"en_US\" \/>\n<meta property=\"og:type\" content=\"article\" \/>\n<meta property=\"og:title\" content=\"N\u00e1jdi obchod - Snack\" \/>\n<meta property=\"og:description\" content=\"Na\u0161e produkty si m\u00f4\u017eete zak\u00fapi\u0165 v predajniach po celom Slovensku\" \/>\n<meta property=\"og:url\" content=\"https:\/\/snack.myad.sk\/najdi-obchod\/\" \/>\n<meta property=\"og:site_name\" content=\"Snack\" \/>\n<meta property=\"article:modified_time\" content=\"2021-06-08T14:55:47+00:00\" \/>\n<meta property=\"og:image\" content=\"https:\/\/snack.myad.sk\/wp-content\/uploads\/2021\/06\/loga.png\" \/>\n<meta name=\"twitter:card\" content=\"summary_large_image\" \/>\n<meta name=\"twitter:label1\" content=\"Est. reading time\">\n\t<meta name=\"twitter:data1\" content=\"1 minute\">\n<script type=\"application\/ld+json\" class=\"yoast-schema-graph\">{\"@context\":\"https:\/\/schema.org\",\"@graph\":[{\"@type\":\"WebSite\",\"@id\":\"https:\/\/snack.myad.sk\/#website\",\"url\":\"https:\/\/snack.myad.sk\/\",\"name\":\"Snack\",\"description\":\"Len \\u010fal\\u0161ia WordPress str\\u00e1nka\",\"potentialAction\":[{\"@type\":\"SearchAction\",\"target\":\"https:\/\/snack.myad.sk\/?s={search_term_string}\",\"query-input\":\"required name=search_term_string\"}],\"inLanguage\":\"en-US\"},{\"@type\":\"ImageObject\",\"@id\":\"https:\/\/snack.myad.sk\/najdi-obchod\/#primaryimage\",\"inLanguage\":\"en-US\",\"url\":\"https:\/\/snack.myad.sk\/wp-content\/uploads\/2021\/06\/loga.png\",\"contentUrl\":\"https:\/\/snack.myad.sk\/wp-content\/uploads\/2021\/06\/loga.png\",\"width\":600,\"height\":107},{\"@type\":\"WebPage\",\"@id\":\"https:\/\/snack.myad.sk\/najdi-obchod\/#webpage\",\"url\":\"https:\/\/snack.myad.sk\/najdi-obchod\/\",\"name\":\"N\\u00e1jdi obchod - Snack\",\"isPartOf\":{\"@id\":\"https:\/\/snack.myad.sk\/#website\"},\"primaryImageOfPage\":{\"@id\":\"https:\/\/snack.myad.sk\/najdi-obchod\/#primaryimage\"},\"datePublished\":\"2019-11-12T18:54:31+00:00\",\"dateModified\":\"2021-06-08T14:55:47+00:00\",\"breadcrumb\":{\"@id\":\"https:\/\/snack.myad.sk\/najdi-obchod\/#breadcrumb\"},\"inLanguage\":\"en-US\",\"potentialAction\":[{\"@type\":\"ReadAction\",\"target\":[\"https:\/\/snack.myad.sk\/najdi-obchod\/\"]}]},{\"@type\":\"BreadcrumbList\",\"@id\":\"https:\/\/snack.myad.sk\/najdi-obchod\/#breadcrumb\",\"itemListElement\":[{\"@type\":\"ListItem\",\"position\":1,\"item\":{\"@type\":\"WebPage\",\"@id\":\"https:\/\/snack.myad.sk\/\",\"url\":\"https:\/\/snack.myad.sk\/\",\"name\":\"Home\"}},{\"@type\":\"ListItem\",\"position\":2,\"item\":{\"@id\":\"https:\/\/snack.myad.sk\/najdi-obchod\/#webpage\"}}]}]}<\/script>\n<!-- \/ Yoast SEO plugin. -->","_links":{"self":[{"href":"https:\/\/snack.myad.sk\/en\/wp-json\/wp\/v2\/pages\/33"}],"collection":[{"href":"https:\/\/snack.myad.sk\/en\/wp-json\/wp\/v2\/pages"}],"about":[{"href":"https:\/\/snack.myad.sk\/en\/wp-json\/wp\/v2\/types\/page"}],"author":[{"embeddable":true,"href":"https:\/\/snack.myad.sk\/en\/wp-json\/wp\/v2\/users\/1"}],"replies":[{"embeddable":true,"href":"https:\/\/snack.myad.sk\/en\/wp-json\/wp\/v2\/comments?post=33"}],"version-history":[{"count":17,"href":"https:\/\/snack.myad.sk\/en\/wp-json\/wp\/v2\/pages\/33\/revisions"}],"predecessor-version":[{"id":205,"href":"https:\/\/snack.myad.sk\/en\/wp-json\/wp\/v2\/pages\/33\/revisions\/205"}],"wp:attachment":[{"href":"https:\/\/snack.myad.sk\/en\/wp-json\/wp\/v2\/media?parent=33"}],"curies":[{"name":"wp","href":"https:\/\/api.w.org\/{rel}","templated":true}]}}